{"id":504,"date":"2023-02-02T11:35:59","date_gmt":"2023-02-02T11:35:59","guid":{"rendered":"https:\/\/logarska-ojstrica.si\/rooms-and-apartments\/"},"modified":"2023-05-14T20:52:16","modified_gmt":"2023-05-14T20:52:16","slug":"rooms-and-apartments","status":"publish","type":"page","link":"https:\/\/logarska-ojstrica.si\/en\/rooms-and-apartments\/","title":{"rendered":"Rooms and apartments"},"content":{"rendered":"<p><div class=\"fusion-fullwidth fullwidth-box fusion-builder-row-1 fusion-flex-container has-pattern-background has-mask-background nonhundred-percent-fullwidth non-hundred-percent-height-scrolling\" style=\"--awb-border-radius-top-left:0px;--awb-border-radius-top-right:0px;--awb-border-radius-bottom-right:0px;--awb-border-radius-bottom-left:0px;--awb-margin-top:10rem;--awb-margin-bottom:10rem;\" ><div class=\"fusion-builder-row fusion-row fusion-flex-align-items-flex-start fusion-flex-justify-content-center\" style=\"max-width:1248px;margin-left: calc(-4% \/ 2 );margin-right: calc(-4% \/ 2 );\"><div class=\"fusion-layout-column fusion_builder_column fusion-builder-column-0 fusion_builder_column_2_5 2_5 fusion-flex-column\" style=\"--awb-bg-size:cover;--awb-width-large:40%;--awb-margin-top-large:0px;--awb-spacing-right-large:4.8%;--awb-margin-bottom-large:0px;--awb-spacing-left-large:4.8%;--awb-width-medium:40%;--awb-order-medium:0;--awb-spacing-right-medium:4.8%;--awb-spacing-left-medium:4.8%;--awb-width-small:100%;--awb-order-small:0;--awb-spacing-right-small:1.92%;--awb-spacing-left-small:1.92%;\"><div class=\"fusion-column-wrapper fusion-column-has-shadow fusion-flex-justify-content-flex-start fusion-content-layout-column\"><div class=\"fusion-text fusion-text-1\" style=\"--awb-content-alignment:center;--awb-font-size:var(--awb-typography3-font-size);--awb-line-height:var(--awb-typography3-line-height);--awb-letter-spacing:var(--awb-typography3-letter-spacing);--awb-text-transform:var(--awb-typography3-text-transform);--awb-text-font-family:var(--awb-typography3-font-family);--awb-text-font-weight:var(--awb-typography3-font-weight);--awb-text-font-style:var(--awb-typography3-font-style);\"><p>Each room has a view of unspoiled nature<br \/>\nwith a piece of it within.<\/p>\n<\/div><\/div><\/div><\/div><\/div><div class=\"fusion-fullwidth fullwidth-box fusion-builder-row-2 fusion-flex-container has-pattern-background has-mask-background hundred-percent-fullwidth non-hundred-percent-height-scrolling\" style=\"--awb-border-radius-top-left:0px;--awb-border-radius-top-right:0px;--awb-border-radius-bottom-right:0px;--awb-border-radius-bottom-left:0px;\" ><div class=\"fusion-builder-row fusion-row fusion-flex-align-items-center fusion-flex-justify-content-center\" style=\"width:104% !important;max-width:104% !important;margin-left: calc(-4% \/ 2 );margin-right: calc(-4% \/ 2 );\"><div class=\"fusion-layout-column fusion_builder_column fusion-builder-column-1 fusion_builder_column_2_5 2_5 fusion-flex-column\" style=\"--awb-bg-size:cover;--awb-width-large:40%;--awb-margin-top-large:0px;--awb-spacing-right-large:4.8%;--awb-margin-bottom-large:0px;--awb-spacing-left-large:4.8%;--awb-width-medium:40%;--awb-order-medium:0;--awb-spacing-right-medium:4.8%;--awb-spacing-left-medium:4.8%;--awb-width-small:100%;--awb-order-small:0;--awb-spacing-right-small:1.92%;--awb-spacing-left-small:1.92%;\"><div class=\"fusion-column-wrapper fusion-column-has-shadow fusion-flex-justify-content-flex-start fusion-content-layout-column\"><div class=\"fusion-image-element \" style=\"text-align:right;--awb-caption-title-size:var(--h2_typography-font-size);--awb-caption-title-transform:var(--h2_typography-text-transform);--awb-caption-title-line-height:var(--h2_typography-line-height);--awb-caption-title-letter-spacing:var(--h2_typography-letter-spacing);\"><span class=\" fusion-imageframe imageframe-none imageframe-1 hover-type-none\"><img decoding=\"async\" width=\"1440\" height=\"1080\" title=\"IMG_7997\" src=\"https:\/\/logarska-ojstrica.si\/wp-content\/uploads\/2023\/02\/IMG_7997.jpg\" alt class=\"img-responsive wp-image-422\" srcset=\"https:\/\/logarska-ojstrica.si\/wp-content\/uploads\/2023\/02\/IMG_7997-200x150.jpg 200w, https:\/\/logarska-ojstrica.si\/wp-content\/uploads\/2023\/02\/IMG_7997-400x300.jpg 400w, https:\/\/logarska-ojstrica.si\/wp-content\/uploads\/2023\/02\/IMG_7997-600x450.jpg 600w, https:\/\/logarska-ojstrica.si\/wp-content\/uploads\/2023\/02\/IMG_7997-800x600.jpg 800w, https:\/\/logarska-ojstrica.si\/wp-content\/uploads\/2023\/02\/IMG_7997-1200x900.jpg 1200w, https:\/\/logarska-ojstrica.si\/wp-content\/uploads\/2023\/02\/IMG_7997.jpg 1440w\" sizes=\"(max-width: 640px) 100vw, 600px\" \/><\/span><\/div><div class=\"fusion-image-element \" style=\"text-align:right;--awb-margin-top:50px;--awb-max-width:70%;--awb-caption-title-size:var(--h2_typography-font-size);--awb-caption-title-transform:var(--h2_typography-text-transform);--awb-caption-title-line-height:var(--h2_typography-line-height);--awb-caption-title-letter-spacing:var(--h2_typography-letter-spacing);\"><span class=\" fusion-imageframe imageframe-none imageframe-2 hover-type-none\"><img decoding=\"async\" width=\"1080\" height=\"1620\" title=\"DG1A7039\" src=\"https:\/\/logarska-ojstrica.si\/wp-content\/uploads\/2023\/02\/DG1A7039.jpg\" alt class=\"img-responsive wp-image-421\" srcset=\"https:\/\/logarska-ojstrica.si\/wp-content\/uploads\/2023\/02\/DG1A7039-200x300.jpg 200w, https:\/\/logarska-ojstrica.si\/wp-content\/uploads\/2023\/02\/DG1A7039-400x600.jpg 400w, https:\/\/logarska-ojstrica.si\/wp-content\/uploads\/2023\/02\/DG1A7039-600x900.jpg 600w, https:\/\/logarska-ojstrica.si\/wp-content\/uploads\/2023\/02\/DG1A7039-800x1200.jpg 800w, https:\/\/logarska-ojstrica.si\/wp-content\/uploads\/2023\/02\/DG1A7039.jpg 1080w\" sizes=\"(max-width: 640px) 100vw, 600px\" \/><\/span><\/div><\/div><\/div><div class=\"fusion-layout-column fusion_builder_column fusion-builder-column-2 fusion_builder_column_1_4 1_4 fusion-flex-column fusion-flex-align-self-flex-start\" style=\"--awb-bg-size:cover;--awb-width-large:25%;--awb-margin-top-large:5rem;--awb-spacing-right-large:7.68%;--awb-margin-bottom-large:0px;--awb-spacing-left-large:7.68%;--awb-width-medium:25%;--awb-order-medium:0;--awb-spacing-right-medium:7.68%;--awb-spacing-left-medium:7.68%;--awb-width-small:100%;--awb-order-small:0;--awb-spacing-right-small:1.92%;--awb-spacing-left-small:1.92%;\"><div class=\"fusion-column-wrapper fusion-column-has-shadow fusion-flex-justify-content-flex-start fusion-content-layout-column\"><div class=\"fusion-text fusion-text-2\"><p>When you enter our boutique hotel, you enter a world of natural beauty. Staying with us gives you the feeling of being in the heart of nature, as the rooms are designed to provide a view of the tranquil and breathtaking natural landscape of the Logar Valley.<\/p>\n<p>Choose from 11 personalised rooms, named after the Alpine plants growing in our vicinity.<\/p>\n<ul>\n<li>Single rooms (Lepi \u010develjc, Dlakavi sle\u010d).<\/li>\n<li>Double rooms (Planika, Ciklama, Spomladanska resa, Encijan &#8211; svi\u0161, Kamni\u0161ka ivanj\u0161\u010dica).<\/li>\n<li>Apartment with kitchen (Zlato jabolko, Tisa).<\/li>\n<li>Presidential suite<\/li>\n<li>Family suite (Kamni\u0161ka murka).<\/li>\n<li>Family room (Triglavska ro\u017ea)<\/li>\n<li>Attic Romance<\/li>\n<\/ul>\n<\/div><\/div><\/div><\/div><\/div><div class=\"fusion-fullwidth fullwidth-box fusion-builder-row-3 fusion-flex-container has-pattern-background has-mask-background nonhundred-percent-fullwidth non-hundred-percent-height-scrolling\" style=\"--awb-border-radius-top-left:0px;--awb-border-radius-top-right:0px;--awb-border-radius-bottom-right:0px;--awb-border-radius-bottom-left:0px;--awb-padding-top:7rem;--awb-padding-right:0px;--awb-padding-left:0px;\" ><div class=\"fusion-builder-row fusion-row fusion-flex-align-items-center fusion-flex-justify-content-flex-end\" style=\"max-width:1248px;margin-left: calc(-4% \/ 2 );margin-right: calc(-4% \/ 2 );\"><div class=\"fusion-layout-column fusion_builder_column fusion-builder-column-3 fusion_builder_column_2_5 2_5 fusion-flex-column fusion-flex-align-self-flex-start\" style=\"--awb-bg-size:cover;--awb-width-large:40%;--awb-margin-top-large:0px;--awb-spacing-right-large:4.8%;--awb-margin-bottom-large:0px;--awb-spacing-left-large:4.8%;--awb-width-medium:40%;--awb-order-medium:0;--awb-spacing-right-medium:4.8%;--awb-spacing-left-medium:4.8%;--awb-width-small:100%;--awb-order-small:0;--awb-spacing-right-small:1.92%;--awb-spacing-left-small:1.92%;\"><div class=\"fusion-column-wrapper fusion-column-has-shadow fusion-flex-justify-content-flex-start fusion-content-layout-column\"><div class=\"fusion-builder-row fusion-builder-row-inner fusion-row fusion-flex-align-items-center fusion-flex-justify-content-flex-end\" style=\"width:104% !important;max-width:104% !important;margin-left: calc(-4% \/ 2 );margin-right: calc(-4% \/ 2 );\"><div class=\"fusion-layout-column fusion_builder_column_inner fusion-builder-nested-column-0 fusion_builder_column_inner_1_1 1_1 fusion-flex-column\" style=\"--awb-padding-top:7rem;--awb-padding-right:4rem;--awb-padding-bottom:7rem;--awb-padding-left:4rem;--awb-bg-color:var(--awb-color5);--awb-bg-image:url(&#039;https:\/\/logarska-ojstrica.si\/wp-content\/uploads\/2023\/02\/Mask-Group-9.png&#039;);--awb-bg-size:cover;--awb-width-large:100%;--awb-margin-top-large:0px;--awb-spacing-right-large:1.92%;--awb-margin-bottom-large:0px;--awb-spacing-left-large:1.92%;--awb-width-medium:100%;--awb-order-medium:0;--awb-spacing-right-medium:1.92%;--awb-spacing-left-medium:1.92%;--awb-width-small:100%;--awb-order-small:0;--awb-spacing-right-small:1.92%;--awb-spacing-left-small:1.92%;\"><div class=\"fusion-column-wrapper fusion-column-has-shadow fusion-flex-justify-content-flex-start fusion-content-layout-column\" data-bg-url=\"https:\/\/logarska-ojstrica.si\/wp-content\/uploads\/2023\/02\/Mask-Group-9.png\"><div class=\"fusion-title title fusion-title-1 fusion-sep-none fusion-title-text fusion-title-size-two\" style=\"--awb-text-color:#ffffff;\"><h2 class=\"title-heading-left\" style=\"margin:0;\">Room furnishings<\/h2><\/div><div class=\"fusion-text fusion-text-3\" style=\"--awb-text-color:#ffffff;\"><ul>\n<li>Bed linen, towels, cosmetics.<\/li>\n<li>Shower, toilet.<\/li>\n<li>Hairdryer<\/li>\n<li>Telephone<\/li>\n<li>TV with radio channels<br \/>\n(fibre optic).<\/li>\n<li>WI-FI<\/li>\n<\/ul>\n<\/div><div ><a class=\"fusion-button button-flat button-medium button-custom fusion-button-default button-1 fusion-button-default-span fusion-button-default-type\" style=\"--button_accent_color:var(--awb-color8);--button_border_color:var(--awb-color8);--button_accent_hover_color:var(--awb-color1);--button_border_hover_color:var(--awb-color1);--button_gradient_top_color:var(--awb-color1);--button_gradient_bottom_color:var(--awb-color1);--button_gradient_top_color_hover:hsla(var(--awb-color5-h),calc(var(--awb-color5-s) - 5%),calc(var(--awb-color5-l) - 10%),var(--awb-color5-a));--button_gradient_bottom_color_hover:hsla(var(--awb-color5-h),calc(var(--awb-color5-s) - 5%),calc(var(--awb-color5-l) - 10%),var(--awb-color5-a));\" target=\"_self\" href=\"https:\/\/logarska-ojstrica.si\/en\/rooms-and-apartments\/reservations\/\"><span class=\"fusion-button-text\">Book a room<\/span><\/a><\/div><\/div><\/div><\/div><div class=\"fusion-builder-row fusion-builder-row-inner fusion-row fusion-flex-align-items-center fusion-flex-justify-content-flex-end\" style=\"width:104% !important;max-width:104% !important;margin-left: calc(-4% \/ 2 );margin-right: calc(-4% \/ 2 );\"><div class=\"fusion-layout-column fusion_builder_column_inner fusion-builder-nested-column-1 fusion_builder_column_inner_1_1 1_1 fusion-flex-column\" style=\"--awb-bg-size:cover;--awb-width-large:100%;--awb-margin-top-large:50px;--awb-spacing-right-large:1.92%;--awb-margin-bottom-large:0px;--awb-spacing-left-large:1.92%;--awb-width-medium:100%;--awb-order-medium:0;--awb-spacing-right-medium:1.92%;--awb-spacing-left-medium:1.92%;--awb-width-small:100%;--awb-order-small:0;--awb-spacing-right-small:1.92%;--awb-spacing-left-small:1.92%;\"><div class=\"fusion-column-wrapper fusion-column-has-shadow fusion-flex-justify-content-flex-start fusion-content-layout-column\"><div class=\"fusion-image-element \" style=\"--awb-caption-title-size:var(--h2_typography-font-size);--awb-caption-title-transform:var(--h2_typography-text-transform);--awb-caption-title-line-height:var(--h2_typography-line-height);--awb-caption-title-letter-spacing:var(--h2_typography-letter-spacing);\"><span class=\" fusion-imageframe imageframe-none imageframe-3 hover-type-none\"><img decoding=\"async\" width=\"1080\" height=\"1620\" title=\"DG1A6216\" src=\"https:\/\/logarska-ojstrica.si\/wp-content\/uploads\/2023\/02\/DG1A6216.jpg\" alt class=\"img-responsive wp-image-428\" srcset=\"https:\/\/logarska-ojstrica.si\/wp-content\/uploads\/2023\/02\/DG1A6216-200x300.jpg 200w, https:\/\/logarska-ojstrica.si\/wp-content\/uploads\/2023\/02\/DG1A6216-400x600.jpg 400w, https:\/\/logarska-ojstrica.si\/wp-content\/uploads\/2023\/02\/DG1A6216-600x900.jpg 600w, https:\/\/logarska-ojstrica.si\/wp-content\/uploads\/2023\/02\/DG1A6216-800x1200.jpg 800w, https:\/\/logarska-ojstrica.si\/wp-content\/uploads\/2023\/02\/DG1A6216.jpg 1080w\" sizes=\"(max-width: 640px) 100vw, 1080px\" \/><\/span><\/div><\/div><\/div><\/div><\/div><\/div><div class=\"fusion-layout-column fusion_builder_column fusion-builder-column-4 fusion_builder_column_3_5 3_5 fusion-flex-column fusion-flex-align-self-flex-start\" style=\"--awb-bg-size:cover;--awb-width-large:60%;--awb-margin-top-large:0px;--awb-spacing-right-large:3.2%;--awb-margin-bottom-large:0px;--awb-spacing-left-large:3.2%;--awb-width-medium:60%;--awb-order-medium:0;--awb-spacing-right-medium:3.2%;--awb-spacing-left-medium:3.2%;--awb-width-small:100%;--awb-order-small:0;--awb-spacing-right-small:1.92%;--awb-spacing-left-small:1.92%;\"><div class=\"fusion-column-wrapper fusion-column-has-shadow fusion-flex-justify-content-flex-start fusion-content-layout-column\"><div class=\"fusion-image-element \" style=\"--awb-caption-title-size:var(--h2_typography-font-size);--awb-caption-title-transform:var(--h2_typography-text-transform);--awb-caption-title-line-height:var(--h2_typography-line-height);--awb-caption-title-letter-spacing:var(--h2_typography-letter-spacing);\"><span class=\" fusion-imageframe imageframe-none imageframe-4 hover-type-none\"><img decoding=\"async\" width=\"2560\" height=\"1707\" title=\"DG1A6048\" src=\"https:\/\/logarska-ojstrica.si\/wp-content\/uploads\/2023\/02\/DG1A6048-scaled.jpg\" alt class=\"img-responsive wp-image-423\" srcset=\"https:\/\/logarska-ojstrica.si\/wp-content\/uploads\/2023\/02\/DG1A6048-200x133.jpg 200w, https:\/\/logarska-ojstrica.si\/wp-content\/uploads\/2023\/02\/DG1A6048-400x267.jpg 400w, https:\/\/logarska-ojstrica.si\/wp-content\/uploads\/2023\/02\/DG1A6048-600x400.jpg 600w, https:\/\/logarska-ojstrica.si\/wp-content\/uploads\/2023\/02\/DG1A6048-800x533.jpg 800w, https:\/\/logarska-ojstrica.si\/wp-content\/uploads\/2023\/02\/DG1A6048-1200x800.jpg 1200w, https:\/\/logarska-ojstrica.si\/wp-content\/uploads\/2023\/02\/DG1A6048-scaled.jpg 2560w\" sizes=\"(max-width: 640px) 100vw, 800px\" \/><\/span><\/div><div class=\"fusion-image-element \" style=\"text-align:left;--awb-margin-top:50px;--awb-max-width:60%;--awb-caption-title-size:var(--h2_typography-font-size);--awb-caption-title-transform:var(--h2_typography-text-transform);--awb-caption-title-line-height:var(--h2_typography-line-height);--awb-caption-title-letter-spacing:var(--h2_typography-letter-spacing);\"><span class=\" fusion-imageframe imageframe-none imageframe-5 hover-type-none\"><img decoding=\"async\" width=\"1080\" height=\"1620\" title=\"DG1A6090\" src=\"https:\/\/logarska-ojstrica.si\/wp-content\/uploads\/2023\/02\/DG1A6090.jpg\" alt class=\"img-responsive wp-image-424\" srcset=\"https:\/\/logarska-ojstrica.si\/wp-content\/uploads\/2023\/02\/DG1A6090-200x300.jpg 200w, https:\/\/logarska-ojstrica.si\/wp-content\/uploads\/2023\/02\/DG1A6090-400x600.jpg 400w, https:\/\/logarska-ojstrica.si\/wp-content\/uploads\/2023\/02\/DG1A6090-600x900.jpg 600w, https:\/\/logarska-ojstrica.si\/wp-content\/uploads\/2023\/02\/DG1A6090-800x1200.jpg 800w, https:\/\/logarska-ojstrica.si\/wp-content\/uploads\/2023\/02\/DG1A6090.jpg 1080w\" sizes=\"(max-width: 640px) 100vw, 800px\" \/><\/span><\/div><\/div><\/div><\/div><\/div><div class=\"fusion-fullwidth fullwidth-box fusion-builder-row-4 fusion-flex-container has-pattern-background has-mask-background hundred-percent-fullwidth non-hundred-percent-height-scrolling\" style=\"--awb-border-radius-top-left:0px;--awb-border-radius-top-right:0px;--awb-border-radius-bottom-right:0px;--awb-border-radius-bottom-left:0px;--awb-padding-top:7rem;--awb-padding-bottom:7rem;\" ><div class=\"fusion-builder-row fusion-row fusion-flex-align-items-flex-start fusion-flex-justify-content-center\" style=\"width:104% !important;max-width:104% !important;margin-left: calc(-4% \/ 2 );margin-right: calc(-4% \/ 2 );\"><div class=\"fusion-layout-column fusion_builder_column fusion-builder-column-5 fusion_builder_column_4_5 4_5 fusion-flex-column\" style=\"--awb-bg-size:cover;--awb-width-large:80%;--awb-margin-top-large:0px;--awb-spacing-right-large:2.4%;--awb-margin-bottom-large:0px;--awb-spacing-left-large:2.4%;--awb-width-medium:80%;--awb-order-medium:0;--awb-spacing-right-medium:2.4%;--awb-spacing-left-medium:2.4%;--awb-width-small:100%;--awb-order-small:0;--awb-spacing-right-small:1.92%;--awb-spacing-left-small:1.92%;\"><div class=\"fusion-column-wrapper fusion-column-has-shadow fusion-flex-justify-content-flex-start fusion-content-layout-column\"><div class=\"fusion-image-element \" style=\"text-align:center;--awb-caption-title-size:var(--h2_typography-font-size);--awb-caption-title-transform:var(--h2_typography-text-transform);--awb-caption-title-line-height:var(--h2_typography-line-height);--awb-caption-title-letter-spacing:var(--h2_typography-letter-spacing);\"><span class=\" fusion-imageframe imageframe-none imageframe-6 hover-type-none\"><img decoding=\"async\" width=\"1620\" height=\"1080\" title=\"DG1A6036\" src=\"https:\/\/logarska-ojstrica.si\/wp-content\/uploads\/2023\/02\/DG1A6036.jpg\" alt class=\"img-responsive wp-image-427\" srcset=\"https:\/\/logarska-ojstrica.si\/wp-content\/uploads\/2023\/02\/DG1A6036-200x133.jpg 200w, https:\/\/logarska-ojstrica.si\/wp-content\/uploads\/2023\/02\/DG1A6036-400x267.jpg 400w, https:\/\/logarska-ojstrica.si\/wp-content\/uploads\/2023\/02\/DG1A6036-600x400.jpg 600w, https:\/\/logarska-ojstrica.si\/wp-content\/uploads\/2023\/02\/DG1A6036-800x533.jpg 800w, https:\/\/logarska-ojstrica.si\/wp-content\/uploads\/2023\/02\/DG1A6036-1200x800.jpg 1200w, https:\/\/logarska-ojstrica.si\/wp-content\/uploads\/2023\/02\/DG1A6036.jpg 1620w\" sizes=\"(max-width: 640px) 100vw, 1200px\" \/><\/span><\/div><\/div><\/div><\/div><\/div><\/p>\n","protected":false},"excerpt":{"rendered":"","protected":false},"author":1,"featured_media":0,"parent":0,"menu_order":0,"comment_status":"closed","ping_status":"closed","template":"100-width.php","meta":{"footnotes":""},"class_list":["post-504","page","type-page","status-publish","hentry"],"acf":[],"_links":{"self":[{"href":"https:\/\/logarska-ojstrica.si\/en\/wp-json\/wp\/v2\/pages\/504","targetHints":{"allow":["GET"]}}],"collection":[{"href":"https:\/\/logarska-ojstrica.si\/en\/wp-json\/wp\/v2\/pages"}],"about":[{"href":"https:\/\/logarska-ojstrica.si\/en\/wp-json\/wp\/v2\/types\/page"}],"author":[{"embeddable":true,"href":"https:\/\/logarska-ojstrica.si\/en\/wp-json\/wp\/v2\/users\/1"}],"replies":[{"embeddable":true,"href":"https:\/\/logarska-ojstrica.si\/en\/wp-json\/wp\/v2\/comments?post=504"}],"version-history":[{"count":7,"href":"https:\/\/logarska-ojstrica.si\/en\/wp-json\/wp\/v2\/pages\/504\/revisions"}],"predecessor-version":[{"id":553,"href":"https:\/\/logarska-ojstrica.si\/en\/wp-json\/wp\/v2\/pages\/504\/revisions\/553"}],"wp:attachment":[{"href":"https:\/\/logarska-ojstrica.si\/en\/wp-json\/wp\/v2\/media?parent=504"}],"curies":[{"name":"wp","href":"https:\/\/api.w.org\/{rel}","templated":true}]}}